{"id":223,"date":"2017-10-16T12:40:00","date_gmt":"2017-10-16T09:40:00","guid":{"rendered":"http:\/\/www.karenlampi.com\/site2\/?page_id=223"},"modified":"2017-10-17T11:03:16","modified_gmt":"2017-10-17T08:03:16","slug":"tervetuloa","status":"publish","type":"page","link":"https:\/\/www.karenlampi.com\/site2\/","title":{"rendered":"Sivut siirretty uudelle alustalle"},"content":{"rendered":"<blockquote><p><span style=\"color: #000000;\">N\u00e4iden sivujen taustalla py\u00f6rii WordPress. Site toimii kokeilualustana eri &#8221;kilkkeille&#8221; jos vaikka satut tulemaan t\u00e4nne ja ihmettelem\u00e4\u00e4n miksi tapahtuu muutosta rakenteissa taikka &#8221;leiskassa&#8221;.<br \/>\n<\/span><\/p><\/blockquote>\n<p>&nbsp;<\/p>\n","protected":false},"excerpt":{"rendered":"<p>N\u00e4iden sivujen taustalla py\u00f6rii WordPress. Site toimii kokeilualustana eri &#8221;kilkkeille&#8221; jos vaikka satut tulemaan t\u00e4nne ja ihmettelem\u00e4\u00e4n miksi tapahtuu muutosta rakenteissa taikka &#8221;leiskassa&#8221;. &nbsp;<\/p>\n","protected":false},"author":1,"featured_media":0,"parent":0,"menu_order":0,"comment_status":"closed","ping_status":"closed","template":"","meta":{"pgc_meta":"","jetpack_post_was_ever_published":false,"footnotes":""},"pgc_meta":"","jetpack_sharing_enabled":true,"jetpack_shortlink":"https:\/\/wp.me\/P9hRq7-3B","_links":{"self":[{"href":"https:\/\/www.karenlampi.com\/site2\/wp-json\/wp\/v2\/pages\/223"}],"collection":[{"href":"https:\/\/www.karenlampi.com\/site2\/wp-json\/wp\/v2\/pages"}],"about":[{"href":"https:\/\/www.karenlampi.com\/site2\/wp-json\/wp\/v2\/types\/page"}],"author":[{"embeddable":true,"href":"https:\/\/www.karenlampi.com\/site2\/wp-json\/wp\/v2\/users\/1"}],"replies":[{"embeddable":true,"href":"https:\/\/www.karenlampi.com\/site2\/wp-json\/wp\/v2\/comments?post=223"}],"version-history":[{"count":4,"href":"https:\/\/www.karenlampi.com\/site2\/wp-json\/wp\/v2\/pages\/223\/revisions"}],"predecessor-version":[{"id":292,"href":"https:\/\/www.karenlampi.com\/site2\/wp-json\/wp\/v2\/pages\/223\/revisions\/292"}],"wp:attachment":[{"href":"https:\/\/www.karenlampi.com\/site2\/wp-json\/wp\/v2\/media?parent=223"}],"curies":[{"name":"wp","href":"https:\/\/api.w.org\/{rel}","templated":true}]}}