{"id":300,"date":"2017-10-17T12:12:31","date_gmt":"2017-10-17T09:12:31","guid":{"rendered":"http:\/\/www.karenlampi.com\/site2\/?page_id=300"},"modified":"2017-10-17T12:22:56","modified_gmt":"2017-10-17T09:22:56","slug":"ansioluettelo","status":"publish","type":"page","link":"https:\/\/www.karenlampi.com\/site2\/ansioluettelo\/","title":{"rendered":"Ansioluettelo"},"content":{"rendered":"<p>[vc_row][vc_column][vc_tta_tabs][vc_tta_section title=&#8221;IT-Koulutus&#8221; tab_id=&#8221;1508231260214-00895687-7469&#8243;][vc_column_text]<\/p>\n<table  class=\" table table-hover table table-hover\" >\n<tbody>\n<tr>\n<td>\n<h2>Windows 2003 MCSA &amp; Internet Security<\/h2>\n<p>4.10.2004-1.6.2005<\/p>\n<p>ICSL Oy<\/td>\n<\/tr>\n<\/tbody>\n<\/table>\n<table  class=\" table table-hover table table-hover\" >\n<tbody>\n<tr>\n<td>\n<h2>J2EE Ohjelmoija<\/h2>\n<p>8.1.-30.6.2004<\/p>\n<p>AMIEDU<\/td>\n<\/tr>\n<\/tbody>\n<\/table>\n<table  class=\" table table-hover table table-hover\" >\n<tbody>\n<tr>\n<td>\n<h2>Public Key Infrastructure<\/h2>\n<p>10.-11.12.2001,\u00a0\u00a0 Teleware Oyj<\/td>\n<\/tr>\n<\/tbody>\n<\/table>\n<table  class=\" table table-hover table table-hover\" >\n<tbody>\n<tr>\n<td>\n<h2>Implementing a Windows 2000 Network Infrastructure, MOC 2153<\/h2>\n<p>27.-30.11.2001,\u00a0\u00a0 Teleware Oyj<\/td>\n<\/tr>\n<\/tbody>\n<\/table>\n<table  class=\" table table-hover table table-hover\" >\n<tbody>\n<tr>\n<td>\n<h2>Implementing and Administrating Microsoft Windows 2000 directory Services, MOC 2154A<\/h2>\n<p>13.-16.11.2001,\u00a0\u00a0 Teleware Oyj<\/td>\n<\/tr>\n<\/tbody>\n<\/table>\n<table  class=\" table table-hover table table-hover\" >\n<tbody>\n<tr>\n<td>\n<h2>Implementing and Managing Microsoft Exchange 2000, MOC 1572<\/h2>\n<p>29.10.-1.11.2001,\u00a0\u00a0 Teleware Oyj<\/td>\n<\/tr>\n<\/tbody>\n<\/table>\n<table  class=\" table table-hover table table-hover\" >\n<tbody>\n<tr>\n<td>\n<h2>Tietoturva Internetiss\u00e4<\/h2>\n<p>8.-10.10.2001,\u00a0\u00a0 Teleware Oyj<\/td>\n<\/tr>\n<\/tbody>\n<\/table>\n<table  class=\" table table-hover table table-hover\" >\n<tbody>\n<tr>\n<td>\n<h2>Unix-perusteet ja verkkok\u00e4ytt\u00f6<\/h2>\n<p>3.-5.10.2001,\u00a0\u00a0 Teleware Oyj<\/td>\n<\/tr>\n<\/tbody>\n<\/table>\n<table  class=\" table table-hover table table-hover\" >\n<tbody>\n<tr>\n<td>\n<h2>Windows 2000 Active Directory<\/h2>\n<p>19.-21.9.2001,\u00a0\u00a0 Teleware Oyj<\/td>\n<\/tr>\n<\/tbody>\n<\/table>\n<table  class=\" table table-hover table table-hover\" >\n<tbody>\n<tr>\n<td>\n<h2>IPv6<\/h2>\n<p>18.-19.6.2001,\u00a0\u00a0 Teleware Oyj<\/td>\n<\/tr>\n<\/tbody>\n<\/table>\n<table  class=\" table table-hover table table-hover\" >\n<tbody>\n<tr>\n<td>\n<h2>IP-pohjaiset virtuaaliverkot (VPN)<\/h2>\n<p>15.6.2001,\u00a0\u00a0 Teleware Oyj<\/td>\n<\/tr>\n<\/tbody>\n<\/table>\n<table  class=\" table table-hover table table-hover\" >\n<tbody>\n<tr>\n<td>\n<h2>\u00a0Wap Developer\u2019s Workshop<\/h2>\n<p>13.-14.12.1999,\u00a0\u00a0 IBM Koulutuspalvelut<\/td>\n<\/tr>\n<\/tbody>\n<\/table>\n<table  class=\" table table-hover table table-hover\" >\n<tbody>\n<tr>\n<td>\n<h2>Microsoft Exchange 5.5 ymp\u00e4rist\u00f6n suunnittelu, k\u00e4ytt\u00f6\u00f6notto ja hallinta (MOC 1313)<\/h2>\n<p>14.6.-18.6.1999,\u00a0\u00a0 Bitwit Oy<\/td>\n<\/tr>\n<\/tbody>\n<\/table>\n<table  class=\" table table-hover table table-hover\" >\n<tbody>\n<tr>\n<td>\n<h2>NT 4.0 Admin and Core Technologies (803+922)<\/h2>\n<p>30.11.-4.12.1998,\u00a0\u00a0 Tieturi Oy<\/td>\n<\/tr>\n<\/tbody>\n<\/table>\n<table  class=\" table table-hover table table-hover\" >\n<tbody>\n<tr>\n<td>\n<h2>Lotus Notes System Administration 1<\/h2>\n<p>23.-26.6.1998,\u00a0\u00a0 IBM<\/td>\n<\/tr>\n<\/tbody>\n<\/table>\n<table  class=\" table table-hover table table-hover\" >\n<tbody>\n<tr>\n<td>\n<h2>Visual Basic jatkokurssi: Tietokantak\u00e4sittely<\/h2>\n<p>26.-27.3.1998,\u00a0\u00a0 Tieturi Oy<\/td>\n<\/tr>\n<\/tbody>\n<\/table>\n<table  class=\" table table-hover table table-hover\" >\n<tbody>\n<tr>\n<td>\n<h2>CGI ohjelmointi ja Perl<\/h2>\n<p>23.-24.3.1998,\u00a0\u00a0 Tieturi Oy<\/td>\n<\/tr>\n<\/tbody>\n<\/table>\n<table  class=\" table table-hover table table-hover\" >\n<tbody>\n<tr>\n<td>\n<h2>Visual Basic ohjelmointi<\/h2>\n<p>10.-13.6.1997,\u00a0\u00a0 Tieturi Oy<\/td>\n<\/tr>\n<\/tbody>\n<\/table>\n<table  class=\" table table-hover table table-hover\" >\n<tbody>\n<tr>\n<td>\n<h2>Excel VBA ohjelmointi<\/h2>\n<p>26.-28.5.1997,\u00a0\u00a0 Tieturi Oy<\/td>\n<\/tr>\n<\/tbody>\n<\/table>\n<table  class=\" table table-hover table table-hover\" >\n<tbody>\n<tr>\n<td>\n<h2>Word VBA ohjelmointi<\/h2>\n<p>9.-10.4.1997,\u00a0\u00a0 Tieturi Oy<\/td>\n<\/tr>\n<\/tbody>\n<\/table>\n<table  class=\" table table-hover table table-hover\" >\n<tbody>\n<tr>\n<td>\n<h2>MS FrontPage<\/h2>\n<p>27.-28.2.1997,\u00a0\u00a0 Tieturi Oy<\/td>\n<\/tr>\n<\/tbody>\n<\/table>\n<table  class=\" table table-hover table table-hover\" >\n<tbody>\n<tr>\n<td>\n<h2>Windows NT Intranet-palvelimena<\/h2>\n<p>27.-28.11.1996,\u00a0\u00a0 Tieturi Oy<\/td>\n<\/tr>\n<\/tbody>\n<\/table>\n<table  class=\" table table-hover table table-hover\" >\n<tbody>\n<tr>\n<td>\n<h2>NT:n diagnostiikka<\/h2>\n<p>15.11.1996,\u00a0\u00a0 Tieturi Oy<\/td>\n<\/tr>\n<\/tbody>\n<\/table>\n<table  class=\" table table-hover table table-hover\" >\n<tbody>\n<tr>\n<td>\n<h2>NT-verkon liikenteen analysointi ja optimointi<\/h2>\n<p>30.-31.10.1996,\u00a0\u00a0 Tieturi Oy<\/td>\n<\/tr>\n<\/tbody>\n<\/table>\n<table  class=\" table table-hover table table-hover\" >\n<tbody>\n<tr>\n<td>\n<h2>NT ty\u00f6asemien hallinta<\/h2>\n<p>21.-22.10.1996 ,\u00a0 Tieturi Oy<\/td>\n<\/tr>\n<\/tbody>\n<\/table>\n<table  class=\" table table-hover table table-hover\" >\n<tbody>\n<tr>\n<td>\n<h2>NT:n optimointi<\/h2>\n<p>4.10.1996,\u00a0\u00a0 Tieturi Oy<\/td>\n<\/tr>\n<\/tbody>\n<\/table>\n<h2>TCP\/IP NT-verkossa<\/h2>\n<p>30.9.-1.10.1996,\u00a0\u00a0\u00a0 Tieturi Oy<\/p>\n<table  class=\" table table-hover table table-hover\" >\n<tbody>\n<tr>\n<td>\n<h2>NT:n vaativa hallinta<\/h2>\n<p>16.-18.9.1996, \u00a0\u00a0\u00a0 Tieturi Oy<\/td>\n<\/tr>\n<\/tbody>\n<\/table>\n<table  class=\" table table-hover table table-hover\" >\n<tbody>\n<tr>\n<td>\n<h2>WWW palvelun toteuttaminen<\/h2>\n<p>18.-19.4.1996, \u00a0\u00a0\u00a0 R. Linturi Oy<\/td>\n<\/tr>\n<\/tbody>\n<\/table>\n<table  class=\" table table-hover table table-hover\" >\n<tbody>\n<tr>\n<td>\n<h2>Windows NT Arkkitehtuuri<\/h2>\n<p>25.-26.1.1996, \u00a0\u00a0\u00a0 R. Linturi Oy<\/td>\n<\/tr>\n<\/tbody>\n<\/table>\n<table  class=\" table table-hover table table-hover\" >\n<tbody>\n<tr>\n<td>\n<h2>Win NT Server asennus ja k\u00e4ytt\u00f6\u00f6notto<\/h2>\n<p>15.-17.1.1996,\u00a0\u00a0 R.Linturi Oy<\/td>\n<\/tr>\n<\/tbody>\n<\/table>\n<p>[\/vc_column_text][\/vc_tta_section][vc_tta_section title=&#8221;Tutkinnot ja Sertifikaatit&#8221; tab_id=&#8221;1508231260437-eb33071f-44a8&#8243;][vc_column_text]<\/p>\n<table  class=\" table table-hover\" >\n<tbody>\n<tr>\n<td>\n<h2>Installing, Configuring, and Administering Microsoft Windows 2000 Professional. MCP<\/h2>\n<p>11.1.2002<\/p>\n<p>Microsoft Corporation.<\/td>\n<\/tr>\n<\/tbody>\n<\/table>\n<table  class=\" table table-hover table table-hover\" >\n<tbody>\n<tr>\n<td>\n<h2>Windows 2000 Desktop Administration<\/h2>\n<p>3.1.2002<\/td>\n<\/tr>\n<\/tbody>\n<\/table>\n<table  class=\" table table-hover table table-hover\" >\n<tbody>\n<tr>\n<td>\n<h2>Windows 98 Power User<\/h2>\n<p>31.3.2000<\/td>\n<\/tr>\n<\/tbody>\n<\/table>\n<table  class=\" table table-hover table table-hover\" >\n<tbody>\n<tr>\n<td>\n<h2>Windows 95 Power User<\/h2>\n<p>30.3.2000<\/td>\n<\/tr>\n<\/tbody>\n<\/table>\n<table  class=\" table table-hover table table-hover\" >\n<tbody>\n<tr>\n<td>\n<h2>Windows NT Administrator<\/h2>\n<p>29.3.2000<\/td>\n<\/tr>\n<\/tbody>\n<\/table>\n<table  class=\" table table-hover table table-hover\" >\n<tbody>\n<tr>\n<td>\n<h2>Windows NT Workstation Administrator<\/h2>\n<p>29.3.2000<\/td>\n<\/tr>\n<\/tbody>\n<\/table>\n<table  class=\" table table-hover table table-hover\" >\n<tbody>\n<tr>\n<td>\n<h2>Windows 95 Administrator<\/h2>\n<p>28.3.2000<\/td>\n<\/tr>\n<\/tbody>\n<\/table>\n<table  class=\" table table-hover table table-hover\" >\n<tbody>\n<tr>\n<td>\n<h2>Active Server Pages Programmer<\/h2>\n<p>28.3.2000<\/td>\n<\/tr>\n<\/tbody>\n<\/table>\n<table  class=\" table table-hover table table-hover\" >\n<tbody>\n<tr>\n<td>\n<h2>Internetworking with Microsoft TCP\/IP on Microsoft Windows NT 4.0, MCP<\/h2>\n<p>2.6.1999<\/p>\n<p>Microsoft Corporation.<\/td>\n<\/tr>\n<\/tbody>\n<\/table>\n<table  class=\" table table-hover table table-hover\" >\n<tbody>\n<tr>\n<td>\n<h2>Implementing and Supporting Microsoft Internet Information Server 4.0, MCP<\/h2>\n<p>24.5.1999<\/p>\n<p>Microsoft Corporation.<\/td>\n<\/tr>\n<\/tbody>\n<\/table>\n<p>[\/vc_column_text][\/vc_tta_section][vc_tta_section title=&#8221;Ty\u00f6kokemus&#8221; tab_id=&#8221;1508231325316-bb5d2a89-2280&#8243;][vc_column_text]<\/p>\n<table  class=\" table table-hover table table-hover\" >\n<tbody>\n<tr>\n<td>\n<h2>Ty\u00f6v\u00e4en Akatemian Kannatus Osakeyhti\u00f6<\/h2>\n<p>J\u00e4rjestelmasiantuntija<\/p>\n<p>3.6.2005 \u2013<\/p>\n<p>Koko IT-infrastruktuurin yll\u00e4pito \/ asennus \/ tuki:<\/p>\n<ul>\n<li>Ty\u00f6asemat<\/li>\n<li>Palvelimet<\/li>\n<li>L\u00e4hiverkko:<br \/>\n\u2013 Lan<br \/>\n\u2013 Wlan<\/li>\n<\/ul>\n<ul>\n<li>Audio &amp; Video -laitteet<\/li>\n<li>Microsoft Office tuotteet<\/li>\n<\/ul>\n<p>Koulutus, Tieken @- ja A-korttien moduulit:<\/p>\n<ul>\n<li>Laitteen k\u00e4ytt\u00f6 ja -hallinta (Microsoft XP)<\/li>\n<li>Tekstink\u00e4sittely (Microsoft Office Word 2003)<\/li>\n<li>Internet ja s\u00e4hk\u00f6posti (Microsoft Internet Explorer &amp; Microsoft Office Outlook 2003)<\/li>\n<li>Tietotekniikan perusteet<\/li>\n<li>Taulukkolaskenta\u00a0 (Microsoft Office Excel 2003)<\/li>\n<li>Esitysgrafiikka (Microsoft Office Powerpoint 2003)<\/li>\n<li>Tietokannat (Microsoft Office Excel 2003)<\/li>\n<\/ul>\n<\/td>\n<\/tr>\n<\/tbody>\n<\/table>\n<table  class=\" table table-hover table table-hover\" >\n<tbody>\n<tr>\n<td>\n<h2>Uudenmaan Verovirasto \/ Yritysverotoimisto<\/h2>\n<p>ATK ryhm\u00e4njohtaja<\/p>\n<p>28.1.2002 -31.12.2003<\/p>\n<ul>\n<li>Ryhm\u00e4njohtajan teht\u00e4v\u00e4t<\/li>\n<li>atk -asiantuntija<\/li>\n<li>kouluttajana<\/li>\n<li>suunnittelijana<\/li>\n<li>office -sovellusten sek\u00e4 laitteistojen mikrotukena<\/li>\n<li>ty\u00f6menetelmien kehitt\u00e4j\u00e4n\u00e4<\/li>\n<\/ul>\n<\/td>\n<\/tr>\n<\/tbody>\n<\/table>\n<table  class=\" table table-hover table table-hover\" >\n<tbody>\n<tr>\n<td>\n<h2>Teleware Oyj<\/h2>\n<p>Kouluttaja<\/p>\n<p>1.11.2000 \u2013 25.1.2002<\/p>\n<ul>\n<li>Asiakaskohtainen koulutus: GPRS, kielen\u00e4 Suomi ja Englanti.<\/li>\n<li>Luokkakoulutus Telewaren tiloissa, kielen\u00e4 Suomi.<\/li>\n<\/ul>\n<\/td>\n<\/tr>\n<\/tbody>\n<\/table>\n<table  class=\" table table-hover table table-hover\" >\n<tbody>\n<tr>\n<td>\n<h2>NovoConsulting Oy<\/h2>\n<p>IT-Konsultti<\/p>\n<p>16.11.1999 \u2013 1.10.2000<\/p>\n<ul>\n<li>Web- ja VisualBasic ohjelmointi<\/li>\n<li>Osallistuminen Tietonovo Oy:n ATK -tukiteht\u00e4viin<\/li>\n<\/ul>\n<\/td>\n<\/tr>\n<\/tbody>\n<\/table>\n<table  class=\" table table-hover table table-hover\" >\n<tbody>\n<tr>\n<td>\n<h2>Ingram Micro Oy<\/h2>\n<p>J\u00e4rjestelm\u00e4tuki, IT<\/p>\n<p>27.4.1998 \u2013 15.11.1999<\/p>\n<p>Verkon suunnittelu ja \u2013hallinta.<\/p>\n<p>Palvelimien hallinta<\/p>\n<ul>\n<li>Exchange<\/li>\n<li>Fileservers<\/li>\n<li>Notes<\/li>\n<\/ul>\n<p>Ty\u00f6asemien hallinta<\/p>\n<ul>\n<li>Windows 95<\/li>\n<li>Windows NT<\/li>\n<\/ul>\n<p>K\u00e4ytt\u00e4jien hallinta<\/p>\n<ul>\n<li>NT \u2013verkko<\/li>\n<li>Talousj\u00e4rjestelm\u00e4 IMPulse. Mainframe pohjainen koko maailman laajuinen sis\u00e4inen ohjelmistokokonaisuus.<\/li>\n<\/ul>\n<p>Puhelinvaihteen<\/p>\n<ul>\n<li>k\u00e4ytt\u00e4jien hallinta ja \u2013yll\u00e4pito.<\/li>\n<li>huolto ja varmistukset.<\/li>\n<\/ul>\n<p>Erilaisten apuohjelmien ja makrojen ohjelmointi.<\/td>\n<\/tr>\n<\/tbody>\n<\/table>\n<table  class=\" table table-hover table table-hover\" >\n<tbody>\n<tr>\n<td>\n<h2>ULV \/Helsingin verotoimisto, Tekninen palveluyksikk\u00f6<\/h2>\n<p>Mikrotuki<\/p>\n<p>18.4.1995 \u2013 7.4.1998<\/p>\n<ul>\n<li>asennus<\/li>\n<li>tuki<\/li>\n<li>puhelin<\/li>\n<li>l\u00e4hituki<\/li>\n<\/ul>\n<p>Koulutus<\/p>\n<ul>\n<li>MS \u2013 Windows NT 4.0<\/li>\n<li>MS \u2013 Word<\/li>\n<li>MS \u2013 Excel<\/li>\n<li>DOS<\/li>\n<\/ul>\n<p>Hallinnon projekteihin osallistuminen<\/p>\n<ul>\n<li>pilottihankkeet<\/li>\n<li>testaus<\/li>\n<li>raportointi<\/li>\n<\/ul>\n<p>Verkkomikropalvelujen kehitt\u00e4minen.<\/p>\n<p>Toimintojen ohjeistaminen.<\/p>\n<p>Uudenmaan veroviraston Intranetin tekninen p\u00e4\u00e4toimittaja.<\/p>\n<ul>\n<li>sivutuotanto, FrontPage<\/li>\n<li>yll\u00e4pito, kehitt\u00e4minen<\/li>\n<li>k\u00e4ytt\u00e4j\u00e4- sek\u00e4 toimittajakoulutus<\/li>\n<\/ul>\n<p>Ohjelmointia<\/p>\n<ul>\n<li>Visual Basic (WIN)- Koulutuskortisto<br \/>\n\u2013 Varausj\u00e4rjestelm\u00e4<br \/>\n\u2013 Graafinen puhelinluettelo<br \/>\n\u2013 Viestitin (POP-UP NT:hen)<\/li>\n<\/ul>\n<ul>\n<li>Borland Pascal (DOS)- Tulostusapuohjelmia<br \/>\n\u2013 Makrogeneraattoreita<\/li>\n<\/ul>\n<ul>\n<li>Makrot \u2013 Excel<br \/>\n\u2013 Word<br \/>\n\u2013 Reflection \u2013p\u00e4\u00e4te-emulaattoriin<\/li>\n<\/ul>\n<p>Muut palvelut<\/p>\n<p>VAX\/VMS \u2013tuki<\/p>\n<ul>\n<li>erilaiset tukiteht\u00e4v\u00e4t<\/li>\n<li>ohjelmointia DCL \u2013kielell\u00e4<\/li>\n<\/ul>\n<\/td>\n<\/tr>\n<\/tbody>\n<\/table>\n<table  class=\" table table-hover table table-hover\" >\n<tbody>\n<tr>\n<td>\n<h2>Verkkotiimi Oy<\/h2>\n<p>Toimitusjohtaja<\/p>\n<p>1.1.1993 \u2013 1.12.1993<\/p>\n<ul>\n<li>Solmia uusia ja yll\u00e4pit\u00e4\u00e4 asiakassuhteita<\/li>\n<li>Suorittaa ATK \u2013verkkoasennuksien suunnittelu sek\u00e4 toteutus<\/li>\n<li>Aikuiskoulutustoiminnan aloittaminen<\/li>\n<\/ul>\n<\/td>\n<\/tr>\n<\/tbody>\n<\/table>\n<table  class=\" table table-hover table table-hover\" >\n<tbody>\n<tr>\n<td>\n<h2>Oy Mark-Tech Ab<\/h2>\n<p>J\u00e4rjestelm\u00e4suunnittelija<\/p>\n<p>1.7. \u2013 31.12.1992Merkint\u00e4j\u00e4rjestelmien suunnittelu sek\u00e4 niiden tarvitsemien ohjelmistojen suunnittelu ja toteutus.<\/td>\n<\/tr>\n<\/tbody>\n<\/table>\n<table  class=\" table table-hover table table-hover\" >\n<tbody>\n<tr>\n<td>\n<h2>OL-Termot Oy<\/h2>\n<div>\n<div>\n<p>Sekalaiset ty\u00f6teht\u00e4v\u00e4t<\/p>\n<p>8.6. \u2013 30.6.1992<\/p>\n<p>S\u00e4\u00e4t\u00f6laitteiden<\/p>\n<ul>\n<li>myynti<\/li>\n<li>testaus<\/li>\n<li>korjaus<\/li>\n<li>kokoonpano<\/li>\n<\/ul>\n<\/div>\n<\/div>\n<\/td>\n<\/tr>\n<\/tbody>\n<\/table>\n<table  class=\" table table-hover table table-hover\" >\n<tbody>\n<tr>\n<td>\n<h2>Oy Mark-Tech Ab<\/h2>\n<p>Ohjelmoija<\/p>\n<p>1.1 \u2013 31.5.1992Ohjelmistosuunnittelua erilaisiin merkint\u00e4j\u00e4rjestelmiin useille asiakkaille.<\/td>\n<\/tr>\n<\/tbody>\n<\/table>\n<table  class=\" table table-hover table table-hover\" >\n<tbody>\n<tr>\n<td>\n<h2>Ty\u00f6v\u00e4en sivistysliitto Helsingin opintoj\u00e4rjest\u00f6 r.y.<\/h2>\n<p>Aikuiskouluttaja<\/p>\n<p>27.-28.10.1991,\u00a0\u00a0\u00a0 MS-DOS<br \/>\n21.-22.3.1992, \u00a0\u00a0 \u00a0 MS-DOS<br \/>\n9.1992 \u20134.1994, \u00a0\u00a0 Windows 3.11, MS-Word, MS-Excel, MS-Powerpoint<\/td>\n<\/tr>\n<\/tbody>\n<\/table>\n<table  class=\" table table-hover table table-hover\" >\n<tbody>\n<tr>\n<td>\n<h2>Helsingin Kaupunki<\/h2>\n<p>Vuosilomasijainen<\/p>\n<p>27.5. \u2013 31.8.1991<\/td>\n<\/tr>\n<\/tbody>\n<\/table>\n<table  class=\" table table-hover table table-hover\" >\n<tbody>\n<tr>\n<td>\n<h2>Ty\u00f6v\u00e4en sivistysliitto Helsingin opintoj\u00e4rjest\u00f6 r.y.<\/h2>\n<p>Nuorten mikrokerhon ohjaaja<\/p>\n<p>7.2. \u2013 27.4.1989<br \/>\n27.6. \u2013 1.8.1989<br \/>\n19.9 \u2013 23.11.1989<br \/>\n6.2. \u2013 26.4.1990<br \/>\n18.9. \u2013 22.11.1990<br \/>\n5.2. \u2013 9.4.1991<br \/>\n24.9. \u2013 26.11.1991<br \/>\n11.2. \u2013 21.4.1992Basic -ohjelmointikoielen opetus.<\/td>\n<\/tr>\n<\/tbody>\n<\/table>\n<table  class=\" table table-hover table table-hover\" >\n<tbody>\n<tr>\n<td>\n<h2>Consensio Oy<\/h2>\n<p>Elektroniikka-asentaja<\/p>\n<p>28.9.1984 \u2013 20.11.1990<\/p>\n<ul>\n<li>Anturien, s\u00e4\u00e4timien:<br \/>\n-kokoonpano: valmiit ja protot<br \/>\n-testaus<br \/>\n-korjaus<\/li>\n<li>Mikroprosessoripohjaisten valvontalaitteiden kokoonpano ja testaus.<\/li>\n<li>Osastop\u00e4\u00e4llik\u00f6iden lomansijaisuuksien hoitaminen.<\/li>\n<\/ul>\n<\/td>\n<\/tr>\n<\/tbody>\n<\/table>\n<table  class=\" table table-hover table table-hover\" >\n<tbody>\n<tr>\n<td>\n<h2>Helsingin Kaupunki<\/h2>\n<p>Elektroniikkamekaanikon vuosilomasijainen.18.6. \u2013 19.8.1984<\/p>\n<p>Elektronisten ja pneumaattisten sairaalalaitteiden korjaus ja huolto sek\u00e4 laiterekisterin yll\u00e4pito.<\/td>\n<\/tr>\n<\/tbody>\n<\/table>\n<p>[\/vc_column_text][\/vc_tta_section][\/vc_tta_tabs][\/vc_column][\/vc_row]<\/p>\n","protected":false},"excerpt":{"rendered":"<p>[vc_row][vc_column][vc_tta_tabs][vc_tta_section title=&#8221;IT-Koulutus&#8221; tab_id=&#8221;1508231260214-00895687-7469&#8243;][vc_column_text] Windows 2003 MCSA &amp; Internet Security 4.10.2004-1.6.2005 ICSL Oy J2EE Ohjelmoija 8.1.-30.6.2004 AMIEDU Public Key Infrastructure 10.-11.12.2001,\u00a0\u00a0 Teleware Oyj Implementing a Windows 2000 Network Infrastructure, MOC 2153 27.-30.11.2001,\u00a0\u00a0 Teleware Oyj Implementing and Administrating Microsoft Windows 2000 directory Services, MOC 2154A 13.-16.11.2001,\u00a0\u00a0 Teleware Oyj Implementing and Managing Microsoft Exchange 2000, MOC 1572 29.10.-1.11.2001,\u00a0\u00a0<\/p>\n<div><a class=\"btn-filled btn\" href=\"https:\/\/www.karenlampi.com\/site2\/ansioluettelo\/\" title=\"Ansioluettelo\">Read More<\/a><\/div>\n","protected":false},"author":1,"featured_media":0,"parent":0,"menu_order":0,"comment_status":"closed","ping_status":"closed","template":"","meta":{"pgc_meta":"","jetpack_post_was_ever_published":false,"footnotes":""},"pgc_meta":"","jetpack_sharing_enabled":true,"jetpack_shortlink":"https:\/\/wp.me\/P9hRq7-4Q","_links":{"self":[{"href":"https:\/\/www.karenlampi.com\/site2\/wp-json\/wp\/v2\/pages\/300"}],"collection":[{"href":"https:\/\/www.karenlampi.com\/site2\/wp-json\/wp\/v2\/pages"}],"about":[{"href":"https:\/\/www.karenlampi.com\/site2\/wp-json\/wp\/v2\/types\/page"}],"author":[{"embeddable":true,"href":"https:\/\/www.karenlampi.com\/site2\/wp-json\/wp\/v2\/users\/1"}],"replies":[{"embeddable":true,"href":"https:\/\/www.karenlampi.com\/site2\/wp-json\/wp\/v2\/comments?post=300"}],"version-history":[{"count":6,"href":"https:\/\/www.karenlampi.com\/site2\/wp-json\/wp\/v2\/pages\/300\/revisions"}],"predecessor-version":[{"id":306,"href":"https:\/\/www.karenlampi.com\/site2\/wp-json\/wp\/v2\/pages\/300\/revisions\/306"}],"wp:attachment":[{"href":"https:\/\/www.karenlampi.com\/site2\/wp-json\/wp\/v2\/media?parent=300"}],"curies":[{"name":"wp","href":"https:\/\/api.w.org\/{rel}","templated":true}]}}