{"id":366,"date":"2017-10-17T15:32:37","date_gmt":"2017-10-17T12:32:37","guid":{"rendered":"http:\/\/www.karenlampi.com\/site2\/?page_id=366"},"modified":"2017-10-17T15:45:50","modified_gmt":"2017-10-17T12:45:50","slug":"ajatuksia","status":"publish","type":"page","link":"https:\/\/www.karenlampi.com\/site2\/ajatuksia\/","title":{"rendered":"Ajatuksia"},"content":{"rendered":"<p><span style=\"color: #000000;\">T\u00e4\u00e4lt\u00e4 l\u00f6ytyy kaikenlaisia ajatuksia, suunnitelmia yms.<\/span><\/p>\n","protected":false},"excerpt":{"rendered":"<p>T\u00e4\u00e4lt\u00e4 l\u00f6ytyy kaikenlaisia ajatuksia, suunnitelmia yms.<\/p>\n","protected":false},"author":1,"featured_media":0,"parent":0,"menu_order":0,"comment_status":"closed","ping_status":"closed","template":"","meta":{"pgc_meta":"","jetpack_post_was_ever_published":false,"footnotes":""},"pgc_meta":"","jetpack_sharing_enabled":true,"jetpack_shortlink":"https:\/\/wp.me\/P9hRq7-5U","_links":{"self":[{"href":"https:\/\/www.karenlampi.com\/site2\/wp-json\/wp\/v2\/pages\/366"}],"collection":[{"href":"https:\/\/www.karenlampi.com\/site2\/wp-json\/wp\/v2\/pages"}],"about":[{"href":"https:\/\/www.karenlampi.com\/site2\/wp-json\/wp\/v2\/types\/page"}],"author":[{"embeddable":true,"href":"https:\/\/www.karenlampi.com\/site2\/wp-json\/wp\/v2\/users\/1"}],"replies":[{"embeddable":true,"href":"https:\/\/www.karenlampi.com\/site2\/wp-json\/wp\/v2\/comments?post=366"}],"version-history":[{"count":2,"href":"https:\/\/www.karenlampi.com\/site2\/wp-json\/wp\/v2\/pages\/366\/revisions"}],"predecessor-version":[{"id":375,"href":"https:\/\/www.karenlampi.com\/site2\/wp-json\/wp\/v2\/pages\/366\/revisions\/375"}],"wp:attachment":[{"href":"https:\/\/www.karenlampi.com\/site2\/wp-json\/wp\/v2\/media?parent=366"}],"curies":[{"name":"wp","href":"https:\/\/api.w.org\/{rel}","templated":true}]}}